{"id":229,"date":"2024-02-12T16:48:44","date_gmt":"2024-02-12T15:48:44","guid":{"rendered":"https:\/\/www.francescamaionchi.com\/?page_id=229"},"modified":"2025-07-07T17:43:42","modified_gmt":"2025-07-07T16:43:42","slug":"biografia","status":"publish","type":"page","link":"https:\/\/www.francescamaionchi.com\/?page_id=229","title":{"rendered":"Biografia"},"content":{"rendered":"\n<figure class=\"wp-block-image size-full\"><img loading=\"lazy\" decoding=\"async\" width=\"1024\" height=\"682\" src=\"https:\/\/www.francescamaionchi.com\/wp-content\/uploads\/2024\/03\/blackandwhite-1.jpeg\" alt=\"\" class=\"wp-image-423\" srcset=\"https:\/\/www.francescamaionchi.com\/wp-content\/uploads\/2024\/03\/blackandwhite-1.jpeg 1024w, https:\/\/www.francescamaionchi.com\/wp-content\/uploads\/2024\/03\/blackandwhite-1-300x200.jpeg 300w, https:\/\/www.francescamaionchi.com\/wp-content\/uploads\/2024\/03\/blackandwhite-1-768x512.jpeg 768w\" sizes=\"(max-width: 1024px) 100vw, 1024px\" \/><\/figure>\n\n\n\n<h3 class=\"wp-block-heading\"><\/h3>\n\n\n\n<h2 class=\"wp-block-heading\">FORMAZIONE<\/h2>\n\n\n\n<p>Francesca Maionchi consegue nel 2018 la Laurea di Primo Livello in Canto Lirico presso l\u2019Istituto Musicale \u201cP. Mascagni\u201d di Livorno con il M\u00b0 Graziano Polidori e nel 2020 il Diploma Accademico di Secondo Livello in Canto Lirico presso il Conservatorio \u201cG. Frescobaldi\u201d di Ferrara sotto la guida di Cinzia Forte, con la votazione di 110 e Lode.<br>Partecipa in qualit\u00e0 di allieva effettiva alla \u201cMascagni Academy\u201d presso il \u201cMascagni Festival\u201d di Livorno e alla \u201cPuccini Academy\u201d presso Torre del Lago; prende parte a masterclass e lezioni di alto perfezionamento con maestri di fama nazionale e internazionale tra cui Perla Trivellini, Alida Berti, Cinzia Forte, Jerzy Artysz, Marco Balderi, Augusto Fornari, Bruno Nicoli, Rosa Feola, Angelo Gabrielli, Sergio Vitale, Renata Scotto, Carlo Bernini, Marco Voleri, Amarilli Nizza, Massimo Morelli, Maria Billeri.<br><\/p>\n\n\n\n<h2 class=\"wp-block-heading\">PREMI E RICONOSCIMENTI<\/h2>\n\n\n\n<p>Si afferma in importanti concorsi aggiudicandosi il primo premio \u201cDino Formichini\u201d per la miglior voce \u201cOpen Opera 2017\u201d, il primo premio (Sezione Giovani) al \u201cConcorso Internazionale Lirico Arturo Toscanini\u201d, il primo premio al \u201cConcorso Internazionale Voci Mascagnane\u201d di Livorno, il primo premio al \u201cConcorso Lirico Internazionale Mario Orlandoni-Edizione 2024\u201d a Como. Le viene conferito il \u201cPremio L\u00e0szl\u00f2 Spezzaferri 2019\u201d a Verona, vince il secondo premio al \u201cBoris Martinovich International Voice Competition\u201d, il secondo premio \u201cGalliano Masini\u201d al \u201cConcorso per cantanti lirici Riviera Etrusca\u201d a Piombino, il secondo premio al \u201cConcorso Maria Caniglia\u201d presso Sulmona e il terzo premio al \u201cConcorso Internazionale di Canto Lirico Giulio Neri\u201d presso Torrita di Siena. Vince il Premio Speciale \u201cGalliano Masini\u201d al \u201cConcorso Internazionale Voci Mascagnane\u201d di Livorno. Vince il Premio \u201cMigliore voce pucciniana femminile\u201d e il Premio del pubblico al Concorso Internazionale di Canto \u201cPremio Giacomo Puccini\u201d a Lucca.<br>Fa parte dei vincitori della prima edizione di \u201cItalia Opera Talent\u201d, primo show televisivo di intrattenimento per l\u2019opera lirica, interpretando il ruolo di Mim\u00ec nell\u2019Operacorto \u201cLa Boh\u00e8me\u201d di Giacomo Puccini, andato in onda su Sky Explorer. Vince la prima edizione ufficiale del \u201cPremio Tau d\u2019Oro\u201d di Altopascio (il riconoscimento istituito dall\u2019amministrazione D\u2019Ambrosio per valorizzare le persone o le realt\u00e0 del territorio che si sono distinte in ogni ambito) e le viene conferita la targa \u201cStelle della Lirica\u201d a Bagni di Lucca per la sfolgorante carriera che sta affrontando con professionalit\u00e0 e bravura.<\/p>\n\n\n\n<h2 class=\"wp-block-heading\">CONCERTI E OPERE<\/h2>\n\n\n\n<p>Debutta nel 2016 come Lola in&nbsp;<em>Cavalleria Rusticana<\/em>&nbsp;di P. Mascagni a Cecina; nel 2017 interpreta Mim\u00ec ne&nbsp;<em>La Boh\u00e8me<\/em>&nbsp;di G. Puccini al Teatro del Giglio di Lucca e per Sky Arts International e Micaela in&nbsp;<em>Carmen<\/em>&nbsp;di G. Bizet ad Arona e al Teatro Civico di La Spezia; debutta nella Sala d\u2019Oro (Goldener Saal) del Musikverein di Vienna, interpretando arie e duetti tratti da<em>&nbsp;La Boh\u00e8me<\/em>&nbsp;e<em>&nbsp;Gianni Schicchi<\/em>&nbsp;di G. Puccini e da&nbsp;<em>La Traviata&nbsp;<\/em>di G. Verdi;&nbsp;nel 2018 \u00e8 soprano solista nel&nbsp;<em>Requiem<\/em>&nbsp;di W. A. Mozart KV 626 a Sarzana, Livorno e Lucca;&nbsp;suor Genovieffa nell\u2019opera&nbsp;<em>Suor Angelica&nbsp;<\/em>di G. Puccini a Lucca;&nbsp;soprano solista nella&nbsp;<em>Petite Messe Solennelle<\/em>&nbsp;di G. Rossini al&nbsp;Festival Verdi di Parma; nel 2019 \u00e8 soprano solista nella&nbsp;<em>Messa dell\u2019Incoronazione KV 317<\/em>&nbsp;di W. A. Mozart a Salsomaggiore, Parma e Brescia; \u00e8 la Contessa di Almaviva ne&nbsp;<em>Le Nozze di Figaro<\/em>&nbsp;di W. A. Mozart al Teatro Duse di Bologna; \u00e8 Lauretta in&nbsp;<em>Gianni Schicchi<\/em>&nbsp;di G. Puccini a Forte dei Marmi; canta presso Blenheim Palace in Inghilterra durante un Gala Lirico; nel 2020 debutta come soprano solista al fianco di Andrea Bocelli presso \u017dalgirio Arena di Kaunas in Lituania, Arena di Riga in Lettonia, Al Ula, nel sito Unesco Patrimonio Mondiale dell\u2019Umanit\u00e0 di Hegra in Arabia Saudita, Teatro del Silenzio di Lajatico, Teatro La Fenice di Venezia, Op\u00e9ra di Monte Carlo di Monaco, Stadio di Varsavia PGE Narodowy, NOSPR Katowice, Tauron Arena di Cracovia. Interpreta Annina ne&nbsp;<em>La Traviata<\/em>&nbsp;di G. Verdi al Teatro Verdi di Pisa; \u00e8 Lola in&nbsp;<em>Cavalleria Rusticana<\/em>&nbsp;presso la Terrazza Mascagni di Livorno e prende parte ad una tourn\u00e9e in Danimarca, Norvegia, Svezia e Finlandia al fianco di Andrea Bocelli. Debutta nel 2022 nella stagione dell\u2019Arena di Verona in&nbsp;<em>Aida<\/em>,&nbsp;<em>La Traviata<\/em>&nbsp;e&nbsp;<em>Rigoletto&nbsp;<\/em>di G. Verdi. Canta il ruolo della Sacerdotessa in&nbsp;<em>Aida<\/em>&nbsp;in occasione dell\u2019apertura del centenario del Festival dell\u2019Arena di Verona nel 2023 trasmesso in mondovisione su RAI1; canta durante la Serata di Gala in memoria del Campione Paolo Rossi presso la Piazza dei Signori di Vicenza. Al Teatro Filarmonico di Verona debutta come soprano solista nel&nbsp;<em>Requiem, <\/em>op.48&nbsp;di G. Faur\u00e9 per la Stagione Sinfonica 2023. Torna per la Stagione d\u2019Opera e Balletto 2024 nel ruolo di Seconda Dama ne&nbsp;<em>Il Flauto magico<\/em>&nbsp;di W. A. Mozart. Canta come soprano solista nel <em>Requiem, <\/em>op.48 di G. Faur\u00e9 con l\u2019Orchestra di Padova e del Veneto presso la Cattedrale di Padova e il Duomo di Rovigo. Canta nel Concerto \u201cOmaggio a Giacomo Puccini\u201d presso la Residenza dell\u2019Ambasciatore italiano a Bruxelles. Canta presso l\u2019Auditorium Giovanni Arvedi del Museo del Violino di Cremona. Interpreta il ruolo della Sacerdotessa in <em>Aida<\/em> ed \u00e8 Cover di Mim\u00ec ne <em>La Boh\u00e8me<\/em> e di Li\u00f9 nella <em>Turandot<\/em> durante il 101\u00b0 Arena di Verona Opera Festival. Interpreta il ruolo di Mim\u00ec ne <em>La Boh\u00e8me<\/em> di G. Puccini presso Rivergaro (PC) e successivamente presso il Teatro Nazionale dell\u2019Opera e del Balletto Maria Bie\u0219u a Chi\u0219in\u0103u, Moldavia. Canta come soprano solista in occasione del Concerto della Banda dell\u2019Esercito Italiano in Terrazza Mascagni a Livorno. A novembre 2024 debutta nel ruolo di Nella nel <em>Gianni Schicchi<\/em> di G. Puccini presso il Teatro Comunale di Bolzano con la Fondazione Haydn. Nel 2025 canta come soprano solista durante il Concerto di Capodanno presso il Teatro del Giglio di Lucca, a gennaio\/febbraio debutta nel ruolo di Berta ne <em>Il Barbiere di Siviglia<\/em> di G. Rossini presso il Teatro Sociale di Trento con la Fondazione Haydn e a marzo debutta nel ruolo di Vierte Magd in <em>Elektra<\/em> di R. Strauss presso il Teatro Filarmonico di Verona. Debutta nel ruolo di Mrs. Alice Ford nel<em> Falstaff<\/em> di G. Verdi ad aprile 2025 presso il Teatro Goldoni di Livorno.&nbsp;<\/p>\n\n\n\n<p>Interpreta il ruolo della Sacerdotessa in <em>Aida, <\/em>Annina ne<em> La Traviata,<\/em> la Contessa di Ceprano in<em> Rigoletto<\/em> ed \u00e8 Cover di Micaela nella <em>Carmen <\/em>di G. Bizet durante il 102\u00b0 Arena di Verona Opera Festival.&nbsp;<\/p>\n\n\n\n<p>Ha collaborato con importanti Direttori d\u2019orchestra tra i quali Daniel Oren, Marco Armiliato, Steven Mercurio, Andrea Battistoni, Carlo Bernini, Marcello Rota, Massimiliano Stefanelli, Eugene Kohn, Giovanni Di Stefano, Francesco Ommassini, Marco Guidarini, Beatrice Venezi, Roberto Gianola, Valentina Peleggi, Gianna Fratta,&nbsp; Mario Menicagli, Massimo Fiocchi Malaspina, Alvise Casellati, David Crescenzi, Michele Gamba, Filippo Conti, Alessandro Bonato, Michael Balke, Speranza Scappucci.<\/p>\n\n\n\n<p>Ha preso parte a opere firmate da importanti Registi quali Franco Zeffirelli, Arnaud Bernard, Stefano Poda, Antonio Albanese, Enrico Stinchelli, Danilo Capezzani, Emanuele Gamba, Cataldo Russo, Ivan Stefanutti, Gianfranco De Bosio, Carlo Antonio De Lucia, Rodica Picireanu, Valentina Carrasco, Fabio Cherstich, Yamal Das Irmich, Hugo de Ana.<\/p>\n\n\n\n<p>Biografia aggiornata a giugno 2025.<\/p>\n","protected":false},"excerpt":{"rendered":"<p>FORMAZIONE Francesca Maionchi consegue nel 2018 la Laurea di Primo Livello in Canto Lirico presso l\u2019Istituto Musicale \u201cP. Mascagni\u201d di Livorno con il M\u00b0 Graziano Polidori e nel 2020 il Diploma Accademico di Secondo Livello in Canto Lirico presso il Conservatorio \u201cG. Frescobaldi\u201d di Ferrara sotto la guida di Cinzia Forte, con la votazione di [&hellip;]<\/p>\n","protected":false},"author":1,"featured_media":0,"parent":0,"menu_order":0,"comment_status":"closed","ping_status":"closed","template":"","meta":{"_monsterinsights_skip_tracking":false,"_monsterinsights_sitenote_active":false,"_monsterinsights_sitenote_note":"","_monsterinsights_sitenote_category":0,"ngg_post_thumbnail":0,"footnotes":""},"_links":{"self":[{"href":"https:\/\/www.francescamaionchi.com\/index.php?rest_route=\/wp\/v2\/pages\/229"}],"collection":[{"href":"https:\/\/www.francescamaionchi.com\/index.php?rest_route=\/wp\/v2\/pages"}],"about":[{"href":"https:\/\/www.francescamaionchi.com\/index.php?rest_route=\/wp\/v2\/types\/page"}],"author":[{"embeddable":true,"href":"https:\/\/www.francescamaionchi.com\/index.php?rest_route=\/wp\/v2\/users\/1"}],"replies":[{"embeddable":true,"href":"https:\/\/www.francescamaionchi.com\/index.php?rest_route=%2Fwp%2Fv2%2Fcomments&post=229"}],"version-history":[{"count":17,"href":"https:\/\/www.francescamaionchi.com\/index.php?rest_route=\/wp\/v2\/pages\/229\/revisions"}],"predecessor-version":[{"id":529,"href":"https:\/\/www.francescamaionchi.com\/index.php?rest_route=\/wp\/v2\/pages\/229\/revisions\/529"}],"wp:attachment":[{"href":"https:\/\/www.francescamaionchi.com\/index.php?rest_route=%2Fwp%2Fv2%2Fmedia&parent=229"}],"curies":[{"name":"wp","href":"https:\/\/api.w.org\/{rel}","templated":true}]}}